{"id":13611,"date":"2020-04-13T22:21:39","date_gmt":"2020-04-13T22:21:39","guid":{"rendered":"https:\/\/nlsfrance.sofirux.com\/?page_id=13611"},"modified":"2025-12-08T23:13:40","modified_gmt":"2025-12-08T22:13:40","slug":"contacts","status":"publish","type":"page","link":"https:\/\/nlsfrance.mind101.fr\/en\/contacts\/","title":{"rendered":"Contacts"},"content":{"rendered":"<div data-elementor-type=\"wp-page\" data-elementor-id=\"13611\" class=\"elementor elementor-13611\">\n\t\t\t\t\t\t<section class=\"elementor-section elementor-top-section elementor-element elementor-element-3724f34 elementor-section-boxed elementor-section-height-default elementor-section-height-default\" data-id=\"3724f34\" data-element_type=\"section\">\n\t\t\t\t\t\t<div class=\"elementor-container elementor-column-gap-no\">\n\t\t\t\t\t<div class=\"elementor-column elementor-col-100 elementor-top-column elementor-element elementor-element-9b8c152\" data-id=\"9b8c152\" data-element_type=\"column\">\n\t\t\t<div class=\"elementor-widget-wrap elementor-element-populated\">\n\t\t\t\t\t\t<div class=\"elementor-element elementor-element-e42573f lte-contacts-icons elementor-widget elementor-widget-lte-icons\" data-id=\"e42573f\" data-element_type=\"widget\" data-widget_type=\"lte-icons.default\">\n\t\t\t\t<div class=\"elementor-widget-container\">\n\t\t\t\t\t<ul class=\"lte-block-icon has-descr  icons-count-3 lte-icon-space-md lte-icon-shape-default lte-icon-background-disabled lte-icon-border-disabled lte-icon-color-main lte-icon-divider-dashed lte-icon-inner-padding-no lte-icon-size-xsmall lte-header-color-default lte-icon-type-top lte-icon-align- layout-cols4 lte-additional-disabled\"><li class=\"col-lg-3 col-md-3 col-sm-6 col-ms-6 col-xs-6\"><a href=\"https:\/\/wa.me\/33744840000\"   class=\"lte-inner\"><i aria-hidden=\"true\" class=\"fab fa-whatsapp\"><\/i><span class=\"lte-icon-content\"> <span class=\"lte-header lte-h6\"> WhatsApp <\/span> <span class=\"lte-descr\">+33 7 44 84 0000<\/span><\/span><\/a><\/li><li class=\"col-lg-3 col-md-3 col-sm-6 col-ms-6 col-xs-6\"><a href=\"mailto:contact@nlsfrance.fr\"   class=\"lte-inner\"><i aria-hidden=\"true\" class=\"icon icon-mail\"><\/i><span class=\"lte-icon-content\"> <span class=\"lte-header lte-h6\"> Email <\/span> <span class=\"lte-descr\">contact@nlsfrance.com<\/span><\/span><\/a><\/li><li class=\"col-lg-3 col-md-3 col-sm-6 col-ms-6 col-xs-6\"><div   class=\"lte-inner\"><i aria-hidden=\"true\" class=\"icon icon-clock-2\"><\/i><span class=\"lte-icon-content\"> <span class=\"lte-header lte-h6\"> Working hours <\/span> <span class=\"lte-descr\">Available every day, Monday to Sunday.<\/span><\/span><\/div><\/li><\/ul>\t\t\t\t<\/div>\n\t\t\t\t<\/div>\n\t\t\t\t<div class=\"elementor-element elementor-element-16d0b91 elementor-widget elementor-widget-spacer\" data-id=\"16d0b91\" data-element_type=\"widget\" data-widget_type=\"spacer.default\">\n\t\t\t\t<div class=\"elementor-widget-container\">\n\t\t\t\t\t\t\t<div class=\"elementor-spacer\">\n\t\t\t<div class=\"elementor-spacer-inner\"><\/div>\n\t\t<\/div>\n\t\t\t\t\t\t<\/div>\n\t\t\t\t<\/div>\n\t\t\t\t\t<\/div>\n\t\t<\/div>\n\t\t\t\t\t<\/div>\n\t\t<\/section>\n\t\t\t\t<section class=\"elementor-section elementor-top-section elementor-element elementor-element-fc99c31 elementor-section-boxed elementor-section-height-default elementor-section-height-default\" data-id=\"fc99c31\" data-element_type=\"section\">\n\t\t\t\t\t\t<div class=\"elementor-container elementor-column-gap-default\">\n\t\t\t\t\t<div class=\"elementor-column elementor-col-50 elementor-top-column elementor-element elementor-element-c2eb3d7\" data-id=\"c2eb3d7\" data-element_type=\"column\">\n\t\t\t<div class=\"elementor-widget-wrap elementor-element-populated\">\n\t\t\t\t\t\t<div class=\"elementor-element elementor-element-4e88ecd elementor-widget elementor-widget-image\" data-id=\"4e88ecd\" data-element_type=\"widget\" data-widget_type=\"image.default\">\n\t\t\t\t<div class=\"elementor-widget-container\">\n\t\t\t\t\t\t\t\t\t\t\t\t\t\t\t<img fetchpriority=\"high\" decoding=\"async\" width=\"1024\" height=\"684\" src=\"https:\/\/nlsfrance.mind101.fr\/wp-content\/uploads\/2020\/12\/DSC08447-1024x684.webp\" class=\"attachment-large size-large wp-image-18481\" alt=\"\" srcset=\"https:\/\/nlsfrance.mind101.fr\/wp-content\/uploads\/2020\/12\/DSC08447-1024x684.webp 1024w, https:\/\/nlsfrance.mind101.fr\/wp-content\/uploads\/2020\/12\/DSC08447-300x200.webp 300w, https:\/\/nlsfrance.mind101.fr\/wp-content\/uploads\/2020\/12\/DSC08447-768x513.webp 768w, https:\/\/nlsfrance.mind101.fr\/wp-content\/uploads\/2020\/12\/DSC08447-1536x1026.webp 1536w, https:\/\/nlsfrance.mind101.fr\/wp-content\/uploads\/2020\/12\/DSC08447-2048x1368.webp 2048w, https:\/\/nlsfrance.mind101.fr\/wp-content\/uploads\/2020\/12\/DSC08447-800x534.webp 800w, https:\/\/nlsfrance.mind101.fr\/wp-content\/uploads\/2020\/12\/DSC08447-480x321.webp 480w, https:\/\/nlsfrance.mind101.fr\/wp-content\/uploads\/2020\/12\/DSC08447-600x401.webp 600w\" sizes=\"(max-width: 1024px) 100vw, 1024px\" \/>\t\t\t\t\t\t\t\t\t\t\t\t\t\t\t<\/div>\n\t\t\t\t<\/div>\n\t\t\t\t\t<\/div>\n\t\t<\/div>\n\t\t\t\t<div class=\"elementor-column elementor-col-50 elementor-top-column elementor-element elementor-element-5f5bad5\" data-id=\"5f5bad5\" data-element_type=\"column\">\n\t\t\t<div class=\"elementor-widget-wrap elementor-element-populated\">\n\t\t\t\t\t\t<div class=\"elementor-element elementor-element-c76a175 lte-heading-style-header-subheader elementor-widget elementor-widget-lte-header\" data-id=\"c76a175\" data-element_type=\"widget\" data-widget_type=\"lte-header.default\">\n\t\t\t\t<div class=\"elementor-widget-container\">\n\t\t\t\t\t<div class=\"lte-heading lte-style-header-subheader lte-underline lte-subcolor-main heading-tag-h4 heading-subtag-h6\"><div class=\"lte-heading-content\"><h4 class=\"lte-header\">BOOK YOUR PRIVATE DRIVER IN JUST A FEW CLICKS<\/h4><\/div><\/div>\t\t\t\t<\/div>\n\t\t\t\t<\/div>\n\t\t\t\t<div class=\"elementor-element elementor-element-5516864 elementor-widget elementor-widget-spacer\" data-id=\"5516864\" data-element_type=\"widget\" data-widget_type=\"spacer.default\">\n\t\t\t\t<div class=\"elementor-widget-container\">\n\t\t\t\t\t\t\t<div class=\"elementor-spacer\">\n\t\t\t<div class=\"elementor-spacer-inner\"><\/div>\n\t\t<\/div>\n\t\t\t\t\t\t<\/div>\n\t\t\t\t<\/div>\n\t\t\t\t<div class=\"elementor-element elementor-element-9d9add7 elementor-widget elementor-widget-lte-cf7\" data-id=\"9d9add7\" data-element_type=\"widget\" data-widget_type=\"lte-cf7.default\">\n\t\t\t\t<div class=\"elementor-widget-container\">\n\t\t\t\t\t<div class=\"lte-contact-form-7 lte-padding-yes lte-full-width-no\">\n<div class=\"wpcf7 no-js\" id=\"wpcf7-f19985-o1\" lang=\"en-US\" dir=\"ltr\" data-wpcf7-id=\"19985\">\n<div class=\"screen-reader-response\"><p role=\"status\" aria-live=\"polite\" aria-atomic=\"true\"><\/p> <ul><\/ul><\/div>\n<form action=\"\/en\/wp-json\/wp\/v2\/pages\/13611#wpcf7-f19985-o1\" method=\"post\" class=\"wpcf7-form init\" aria-label=\"Contact form\" novalidate=\"novalidate\" data-status=\"init\" data-trp-original-action=\"\/en\/wp-json\/wp\/v2\/pages\/13611#wpcf7-f19985-o1\">\n<fieldset class=\"hidden-fields-container\"><input type=\"hidden\" name=\"_wpcf7\" value=\"19985\" \/><input type=\"hidden\" name=\"_wpcf7_version\" value=\"6.1\" \/><input type=\"hidden\" name=\"_wpcf7_locale\" value=\"en_US\" \/><input type=\"hidden\" name=\"_wpcf7_unit_tag\" value=\"wpcf7-f19985-o1\" \/><input type=\"hidden\" name=\"_wpcf7_container_post\" value=\"0\" \/><input type=\"hidden\" name=\"_wpcf7_posted_data_hash\" value=\"\" \/>\n<\/fieldset>\n<div class=\"row\">\n\n\n <!-- Civilit\u00e9 (radio optional) -->\n\t<div class=\"col-lg-12\">\n\t\t<p><label>Title<\/label>\n\t\t<\/p>\n\t\t<p><span class=\"wpcf7-form-control-wrap\" data-name=\"title_choice\"><span class=\"wpcf7-form-control wpcf7-radio\"><span class=\"wpcf7-list-item first\"><label><input type=\"radio\" name=\"title_choice\" value=\"Ms\" \/><span class=\"wpcf7-list-item-label\">Ms<\/span><\/label><\/span><span class=\"wpcf7-list-item last\"><label><input type=\"radio\" name=\"title_choice\" value=\"Mr\" \/><span class=\"wpcf7-list-item-label\">Mr<\/span><\/label><\/span><\/span><\/span>\n\t\t<\/p>\n\t<\/div>\n\n <!-- Nom \/ Pr\u00e9nom -->\n\t<div class=\"col-lg-12\">\n\t\t<p><span class=\"wpcf7-form-control-wrap\" data-name=\"last_name\"><input size=\"40\" maxlength=\"400\" class=\"wpcf7-form-control wpcf7-text wpcf7-validates-as-required\" aria-required=\"true\" aria-invalid=\"false\" placeholder=\"Last Name *\" value=\"\" type=\"text\" name=\"last_name\" \/><\/span>\n\t\t<\/p>\n\t<\/div>\n\t<div class=\"col-lg-12\">\n\t\t<p><span class=\"wpcf7-form-control-wrap\" data-name=\"first_name\"><input size=\"40\" maxlength=\"400\" class=\"wpcf7-form-control wpcf7-text wpcf7-validates-as-required\" aria-required=\"true\" aria-invalid=\"false\" placeholder=\"First Name *\" value=\"\" type=\"text\" name=\"first_name\" \/><\/span>\n\t\t<\/p>\n\t<\/div>\n\n <!-- Email \/ T\u00e9l\u00e9phone -->\n\t<div class=\"col-lg-12\">\n\t\t<p><span class=\"wpcf7-form-control-wrap\" data-name=\"your_email\"><input size=\"40\" maxlength=\"400\" class=\"wpcf7-form-control wpcf7-email wpcf7-validates-as-required wpcf7-text wpcf7-validates-as-email\" aria-required=\"true\" aria-invalid=\"false\" placeholder=\"Email *\" value=\"\" type=\"email\" name=\"your_email\" \/><\/span>\n\t\t<\/p>\n\t<\/div>\n\t<div class=\"col-lg-12\">\n\t\t<p><span class=\"wpcf7-form-control-wrap\" data-name=\"your_phone\"><input size=\"40\" maxlength=\"400\" class=\"wpcf7-form-control wpcf7-tel wpcf7-validates-as-required wpcf7-text wpcf7-validates-as-tel\" aria-required=\"true\" aria-invalid=\"false\" placeholder=\"Phone (international format) *\" value=\"\" type=\"tel\" name=\"your_phone\" \/><\/span>\n\t\t<\/p>\n\t<\/div>\n\n <!-- Indicatif pays + WhatsApp -->\n\t<div class=\"col-lg-12\">\n\t\t<p><span class=\"wpcf7-form-control-wrap\" data-name=\"country_code\"><input size=\"40\" maxlength=\"400\" class=\"wpcf7-form-control wpcf7-tel wpcf7-validates-as-required wpcf7-text wpcf7-validates-as-tel\" aria-required=\"true\" aria-invalid=\"false\" placeholder=\"Country calling code (+code) *\" value=\"\" type=\"tel\" name=\"country_code\" \/><\/span>\n\t\t<\/p>\n\t<\/div>\n\t<div class=\"col-lg-12\">\n\t\t<p><span class=\"wpcf7-form-control-wrap\" data-name=\"whatsapp_optin\"><span class=\"wpcf7-form-control wpcf7-checkbox\"><span class=\"wpcf7-list-item first last\"><label><input type=\"checkbox\" name=\"whatsapp_optin[]\" value=\"Je souhaite \u00eatre contact\u00e9 via WhatsApp\" \/><span class=\"wpcf7-list-item-label\">I wish to be contacted via WhatsApp<\/span><\/label><\/span><\/span><\/span>\n\t\t<\/p>\n\t<\/div>\n\n <!-- D\u00e9tails Transport -->\n\t<div class=\"col-lg-12\">\n\t\t<p><span class=\"wpcf7-form-control-wrap\" data-name=\"pickup_location\"><input size=\"40\" maxlength=\"400\" class=\"wpcf7-form-control wpcf7-text wpcf7-validates-as-required\" aria-required=\"true\" aria-invalid=\"false\" placeholder=\"Pickup location (address \/ place) *\" value=\"\" type=\"text\" name=\"pickup_location\" \/><\/span>\n\t\t<\/p>\n\t<\/div>\n\t<div class=\"col-lg-12\">\n\t\t<p><span class=\"wpcf7-form-control-wrap\" data-name=\"pickup_city\"><input size=\"40\" maxlength=\"400\" class=\"wpcf7-form-control wpcf7-text wpcf7-validates-as-required\" aria-required=\"true\" aria-invalid=\"false\" placeholder=\"Departure city *\" value=\"\" type=\"text\" name=\"pickup_city\" \/><\/span>\n\t\t<\/p>\n\t<\/div>\n\t<div class=\"col-lg-12\">\n\t\t<p><label>Pickup date *<\/label>\n\t\t<\/p>\n\t\t<p><span class=\"wpcf7-form-control-wrap\" data-name=\"pickup_date\"><input class=\"wpcf7-form-control wpcf7-date wpcf7-validates-as-required wpcf7-validates-as-date\" aria-required=\"true\" aria-invalid=\"false\" value=\"\" type=\"date\" name=\"pickup_date\" \/><\/span>\n\t\t<\/p>\n\t<\/div>\n\t<div class=\"col-lg-12\">\n\t\t<p><span class=\"wpcf7-form-control-wrap\" data-name=\"pickup_time\"><input size=\"40\" maxlength=\"400\" class=\"wpcf7-form-control wpcf7-text wpcf7-validates-as-required\" aria-required=\"true\" aria-invalid=\"false\" placeholder=\"Pickup time (e.g., 14:30) *\" value=\"\" type=\"text\" name=\"pickup_time\" \/><\/span>\n\t\t<\/p>\n\t<\/div>\n\t<div class=\"col-lg-12\">\n\t\t<p><span class=\"wpcf7-form-control-wrap\" data-name=\"flight_train_ref\"><input size=\"40\" maxlength=\"400\" class=\"wpcf7-form-control wpcf7-text\" aria-invalid=\"false\" placeholder=\"Flight \/ Train number (optional)\" value=\"\" type=\"text\" name=\"flight_train_ref\" \/><\/span>\n\t\t<\/p>\n\t<\/div>\n\t<div class=\"col-lg-12\">\n\t\t<p><span class=\"wpcf7-form-control-wrap\" data-name=\"dropoff_location\"><input size=\"40\" maxlength=\"400\" class=\"wpcf7-form-control wpcf7-text wpcf7-validates-as-required\" aria-required=\"true\" aria-invalid=\"false\" placeholder=\"Destination \/ Arrival location *\" value=\"\" type=\"text\" name=\"dropoff_location\" \/><\/span>\n\t\t<\/p>\n\t<\/div>\n\n <!-- Passagers -->\n\t<div class=\"col-lg-12\">\n\t\t<p><span class=\"wpcf7-form-control-wrap\" data-name=\"passengers\"><input class=\"wpcf7-form-control wpcf7-number wpcf7-validates-as-required wpcf7-validates-as-number\" min=\"1\" step=\"1\" aria-required=\"true\" aria-invalid=\"false\" placeholder=\"Number of passengers *\" value=\"Nombre de passagers *\" type=\"number\" name=\"passengers\" \/><\/span>\n\t\t<\/p>\n\t<\/div>\n\n <!-- Type de v\u00e9hicule (radio optional) -->\n\t<div class=\"col-lg-12\">\n\t\t<p><label>Vehicle type<\/label>\n\t\t<\/p>\n\t\t<p><span class=\"wpcf7-form-control-wrap\" data-name=\"vehicle_type\"><span class=\"wpcf7-form-control wpcf7-radio\"><span class=\"wpcf7-list-item first\"><label><input type=\"radio\" name=\"vehicle_type\" value=\"Berline\" \/><span class=\"wpcf7-list-item-label\">Sedan<\/span><\/label><\/span><span class=\"wpcf7-list-item last\"><label><input type=\"radio\" name=\"vehicle_type\" value=\"Van\" \/><span class=\"wpcf7-list-item-label\">Van<\/span><\/label><\/span><\/span><\/span>\n\t\t<\/p>\n\t<\/div>\n\n <!-- Bagages -->\n\t<div class=\"col-lg-12\">\n\t\t<p><span class=\"wpcf7-form-control-wrap\" data-name=\"cabin_luggage\"><input class=\"wpcf7-form-control wpcf7-number wpcf7-validates-as-number\" min=\"0\" step=\"1\" aria-invalid=\"false\" placeholder=\"Cabin luggage (Qty)\" value=\"\" type=\"number\" name=\"cabin_luggage\" \/><\/span>\n\t\t<\/p>\n\t<\/div>\n\t<div class=\"col-lg-12\">\n\t\t<p><span class=\"wpcf7-form-control-wrap\" data-name=\"checked_luggage\"><input class=\"wpcf7-form-control wpcf7-number wpcf7-validates-as-number\" min=\"0\" step=\"1\" aria-invalid=\"false\" placeholder=\"Checked luggage (Qty)\" value=\"\" type=\"number\" name=\"checked_luggage\" \/><\/span>\n\t\t<\/p>\n\t<\/div>\n\n <!-- Si\u00e8ges b\u00e9b\u00e9 (radio optional) -->\n\t<div class=\"col-lg-12\">\n\t\t<p><label>Baby seats<\/label>\n\t\t<\/p>\n\t\t<p><span class=\"wpcf7-form-control-wrap\" data-name=\"baby_seat\"><span class=\"wpcf7-form-control wpcf7-radio\"><span class=\"wpcf7-list-item first\"><label><input type=\"radio\" name=\"baby_seat\" value=\"Aucun si\u00e8ge b\u00e9b\u00e9\" \/><span class=\"wpcf7-list-item-label\">No baby seat<\/span><\/label><\/span><span class=\"wpcf7-list-item\"><label><input type=\"radio\" name=\"baby_seat\" value=\"Nouveau-n\u00e9 (0\u201312 mois)\" \/><span class=\"wpcf7-list-item-label\">Newborn (0\u201312 months)<\/span><\/label><\/span><span class=\"wpcf7-list-item\"><label><input type=\"radio\" name=\"baby_seat\" value=\"Enfant (1\u20133 ans)\" \/><span class=\"wpcf7-list-item-label\">Child (1\u20133 years)<\/span><\/label><\/span><span class=\"wpcf7-list-item last\"><label><input type=\"radio\" name=\"baby_seat\" value=\"Enfant (3\u20136 ans)\" \/><span class=\"wpcf7-list-item-label\">Child (3\u20136 years)<\/span><\/label><\/span><\/span><\/span>\n\t\t<\/p>\n\t<\/div>\n\n <!-- Commentaires -->\n\t<div class=\"col-lg-12\">\n\t\t<p><span class=\"wpcf7-form-control-wrap\" data-name=\"comments\"><textarea cols=\"40\" rows=\"10\" maxlength=\"2000\" class=\"wpcf7-form-control wpcf7-textarea\" aria-invalid=\"false\" placeholder=\"Additional information (round trip? flexibility? special requirements?)\" name=\"comments\"><\/textarea><\/span>\n\t\t<\/p>\n\t<\/div>\n<\/div>\n<p><input class=\"wpcf7-form-control wpcf7-submit has-spinner\" type=\"submit\" value=\"REQUEST A CUSTOM QUOTE\" \/>\n<\/p><p style=\"display: none !important;\" class=\"akismet-fields-container\" data-prefix=\"_wpcf7_ak_\"><label>&#916;<textarea name=\"_wpcf7_ak_hp_textarea\" cols=\"45\" rows=\"8\" maxlength=\"100\"><\/textarea><\/label><input type=\"hidden\" id=\"ak_js_1\" name=\"_wpcf7_ak_js\" value=\"153\"\/><script>document.getElementById( \"ak_js_1\" ).setAttribute( \"value\", ( new Date() ).getTime() );<\/script><\/p><div class=\"wpcf7-response-output\" aria-hidden=\"true\"><\/div>\n<input type=\"hidden\" name=\"trp-form-language\" value=\"en\"\/><\/form>\n<\/div>\n<\/div>\t\t\t\t<\/div>\n\t\t\t\t<\/div>\n\t\t\t\t\t<\/div>\n\t\t<\/div>\n\t\t\t\t\t<\/div>\n\t\t<\/section>\n\t\t\t\t<section class=\"elementor-section elementor-top-section elementor-element elementor-element-69f3788 elementor-section-boxed elementor-section-height-default elementor-section-height-default\" data-id=\"69f3788\" data-element_type=\"section\">\n\t\t\t\t\t\t<div class=\"elementor-container elementor-column-gap-default\">\n\t\t\t\t\t<div class=\"elementor-column elementor-col-100 elementor-top-column elementor-element elementor-element-4b56333\" data-id=\"4b56333\" data-element_type=\"column\">\n\t\t\t<div class=\"elementor-widget-wrap elementor-element-populated\">\n\t\t\t\t\t\t<div class=\"elementor-element elementor-element-08bdff4 elementor-widget elementor-widget-spacer\" data-id=\"08bdff4\" data-element_type=\"widget\" data-widget_type=\"spacer.default\">\n\t\t\t\t<div class=\"elementor-widget-container\">\n\t\t\t\t\t\t\t<div class=\"elementor-spacer\">\n\t\t\t<div class=\"elementor-spacer-inner\"><\/div>\n\t\t<\/div>\n\t\t\t\t\t\t<\/div>\n\t\t\t\t<\/div>\n\t\t\t\t\t<\/div>\n\t\t<\/div>\n\t\t\t\t\t<\/div>\n\t\t<\/section>\n\t\t\t\t<section class=\"elementor-section elementor-top-section elementor-element elementor-element-2bd831b elementor-section-full_width elementor-section-height-default elementor-section-height-default\" data-id=\"2bd831b\" data-element_type=\"section\">\n\t\t\t\t\t\t<div class=\"elementor-container elementor-column-gap-no\">\n\t\t\t\t\t<div class=\"elementor-column elementor-col-100 elementor-top-column elementor-element elementor-element-3ef5ddd\" data-id=\"3ef5ddd\" data-element_type=\"column\">\n\t\t\t<div class=\"elementor-widget-wrap elementor-element-populated\">\n\t\t\t\t\t\t<div class=\"elementor-element elementor-element-6492400 lte-heading-style-header-subheader elementor-widget elementor-widget-lte-header\" data-id=\"6492400\" data-element_type=\"widget\" data-widget_type=\"lte-header.default\">\n\t\t\t\t<div class=\"elementor-widget-container\">\n\t\t\t\t\t<div class=\"lte-heading lte-style-header-subheader lte-underline lte-subcolor-main heading-tag-h4 heading-subtag-h6\"><div class=\"lte-heading-content\"><h4 class=\"lte-header\">OUR AGENCIES<\/h4><\/div><\/div>\t\t\t\t<\/div>\n\t\t\t\t<\/div>\n\t\t\t\t<div class=\"elementor-element elementor-element-a256ef5 elementor-widget elementor-widget-spacer\" data-id=\"a256ef5\" data-element_type=\"widget\" data-widget_type=\"spacer.default\">\n\t\t\t\t<div class=\"elementor-widget-container\">\n\t\t\t\t\t\t\t<div class=\"elementor-spacer\">\n\t\t\t<div class=\"elementor-spacer-inner\"><\/div>\n\t\t<\/div>\n\t\t\t\t\t\t<\/div>\n\t\t\t\t<\/div>\n\t\t\t\t\t<\/div>\n\t\t<\/div>\n\t\t\t\t\t<\/div>\n\t\t<\/section>\n\t\t\t\t<section class=\"elementor-section elementor-top-section elementor-element elementor-element-debaf82 elementor-section-full_width elementor-section-height-default elementor-section-height-default\" data-id=\"debaf82\" data-element_type=\"section\">\n\t\t\t\t\t\t<div class=\"elementor-container elementor-column-gap-no\">\n\t\t\t\t\t<div class=\"elementor-column elementor-col-100 elementor-top-column elementor-element elementor-element-2a47e91\" data-id=\"2a47e91\" data-element_type=\"column\">\n\t\t\t<div class=\"elementor-widget-wrap elementor-element-populated\">\n\t\t\t\t\t\t<div class=\"elementor-element elementor-element-979ad3e lte-contacts-icons elementor-widget elementor-widget-lte-icons\" data-id=\"979ad3e\" data-element_type=\"widget\" data-widget_type=\"lte-icons.default\">\n\t\t\t\t<div class=\"elementor-widget-container\">\n\t\t\t\t\t<ul class=\"lte-block-icon icons-count-3 lte-icon-space-md lte-icon-shape-default lte-icon-background-disabled lte-icon-border-disabled lte-icon-color-main lte-icon-divider-dashed lte-icon-inner-padding-no lte-icon-size-xsmall lte-header-color-default lte-icon-type-top lte-icon-align- layout-cols4 lte-additional-disabled\"><li class=\"col-lg-3 col-md-3 col-sm-6 col-ms-6 col-xs-6\"><div   class=\"lte-inner\"><i aria-hidden=\"true\" class=\"fas fa-map-marker-alt\"><\/i><span class=\"lte-icon-content\"> <span class=\"lte-header lte-h6\"> 59, boulevard Alexandre III \u2013 <br \/>\n06400 CANNES<br \/>\n <\/span> <\/span><\/div><\/li><li class=\"col-lg-3 col-md-3 col-sm-6 col-ms-6 col-xs-6\"><div   class=\"lte-inner\"><i aria-hidden=\"true\" class=\"fas fa-map-marker-alt\"><\/i><span class=\"lte-icon-content\"> <span class=\"lte-header lte-h6\"> 9, Bd Louis Blanc \u2013 <br \/>\n83990 ST TROPEZ<br \/>\n <\/span> <\/span><\/div><\/li><li class=\"col-lg-3 col-md-3 col-sm-6 col-ms-6 col-xs-6\"><div   class=\"lte-inner\"><i aria-hidden=\"true\" class=\"fas fa-map-marker-alt\"><\/i><span class=\"lte-icon-content\"> <span class=\"lte-header lte-h6\"> 306, rue de l\u2019aiguille du fruit \u2013 <br \/>\n73120 COURCHEVEL-MORIOND<br \/>\n<br \/>\n <\/span> <\/span><\/div><\/li><\/ul>\t\t\t\t<\/div>\n\t\t\t\t<\/div>\n\t\t\t\t\t<\/div>\n\t\t<\/div>\n\t\t\t\t\t<\/div>\n\t\t<\/section>\n\t\t\t\t<\/div>","protected":false},"excerpt":{"rendered":"<p>WhatsApp +33 7 44 84 0000 Email contact@nlsfrance.com Heures de travail Disponible tous les jours, du lundi au dimanche. R\u00c9SERVEZ VOTRE CHAUFFEUR PRIV\u00c9 EN QUELQUES CLICS Title MsMr Je souhaite \u00eatre contact\u00e9 via WhatsApp Date de prise en charge * Type de v\u00e9hicule BerlineVan Si\u00e8ges b\u00e9b\u00e9 Aucun si\u00e8ge b\u00e9b\u00e9Nouveau-n\u00e9 (0\u201312 mois)Enfant (1\u20133 ans)Enfant (3\u20136 ans) [&hellip;]<\/p>","protected":false},"author":1,"featured_media":18485,"parent":0,"menu_order":0,"comment_status":"closed","ping_status":"closed","template":"page-templates\/full-width.php","meta":{"footnotes":""},"class_list":["post-13611","page","type-page","status-publish","has-post-thumbnail","hentry"],"_links":{"self":[{"href":"https:\/\/nlsfrance.mind101.fr\/en\/wp-json\/wp\/v2\/pages\/13611","targetHints":{"allow":["GET"]}}],"collection":[{"href":"https:\/\/nlsfrance.mind101.fr\/en\/wp-json\/wp\/v2\/pages"}],"about":[{"href":"https:\/\/nlsfrance.mind101.fr\/en\/wp-json\/wp\/v2\/types\/page"}],"author":[{"embeddable":true,"href":"https:\/\/nlsfrance.mind101.fr\/en\/wp-json\/wp\/v2\/users\/1"}],"replies":[{"embeddable":true,"href":"https:\/\/nlsfrance.mind101.fr\/en\/wp-json\/wp\/v2\/comments?post=13611"}],"version-history":[{"count":94,"href":"https:\/\/nlsfrance.mind101.fr\/en\/wp-json\/wp\/v2\/pages\/13611\/revisions"}],"predecessor-version":[{"id":20933,"href":"https:\/\/nlsfrance.mind101.fr\/en\/wp-json\/wp\/v2\/pages\/13611\/revisions\/20933"}],"wp:featuredmedia":[{"embeddable":true,"href":"https:\/\/nlsfrance.mind101.fr\/en\/wp-json\/wp\/v2\/media\/18485"}],"wp:attachment":[{"href":"https:\/\/nlsfrance.mind101.fr\/en\/wp-json\/wp\/v2\/media?parent=13611"}],"curies":[{"name":"wp","href":"https:\/\/api.w.org\/{rel}","templated":true}]}}