{"id":19722,"date":"2025-08-11T22:37:20","date_gmt":"2025-08-11T20:37:20","guid":{"rendered":"https:\/\/nlsfrance.mind101.fr\/?page_id=19722"},"modified":"2025-12-16T13:18:03","modified_gmt":"2025-12-16T12:18:03","slug":"yacht-cc","status":"publish","type":"page","link":"https:\/\/nlsfrance.mind101.fr\/en\/yacht-cc\/","title":{"rendered":"YACHT CC"},"content":{"rendered":"<div data-elementor-type=\"wp-page\" data-elementor-id=\"19722\" class=\"elementor elementor-19722\">\n\t\t\t\t\t\t<section class=\"elementor-section elementor-top-section elementor-element elementor-element-5a18852 elementor-section-boxed elementor-section-height-default elementor-section-height-default\" data-id=\"5a18852\" data-element_type=\"section\">\n\t\t\t\t\t\t<div class=\"elementor-container elementor-column-gap-default\">\n\t\t\t\t\t<div class=\"elementor-column elementor-col-100 elementor-top-column elementor-element elementor-element-e3f6f67\" data-id=\"e3f6f67\" data-element_type=\"column\">\n\t\t\t<div class=\"elementor-widget-wrap elementor-element-populated\">\n\t\t\t\t\t\t<div class=\"elementor-element elementor-element-5597613 lte-heading-style-header-subheader elementor-widget elementor-widget-lte-header\" data-id=\"5597613\" data-element_type=\"widget\" data-widget_type=\"lte-header.default\">\n\t\t\t\t<div class=\"elementor-widget-container\">\n\t\t\t\t\t<div class=\"lte-heading lte-style-header-subheader lte-subcolor-main heading-tag-h2 heading-subtag-h6\"><div class=\"lte-heading-content\"><h2 class=\"lte-header\">Yacht CC<\/h2><\/div><\/div>\t\t\t\t<\/div>\n\t\t\t\t<\/div>\n\t\t\t\t<div class=\"elementor-element elementor-element-6a53bb2 elementor-widget elementor-widget-spacer\" data-id=\"6a53bb2\" data-element_type=\"widget\" data-widget_type=\"spacer.default\">\n\t\t\t\t<div class=\"elementor-widget-container\">\n\t\t\t\t\t\t\t<div class=\"elementor-spacer\">\n\t\t\t<div class=\"elementor-spacer-inner\"><\/div>\n\t\t<\/div>\n\t\t\t\t\t\t<\/div>\n\t\t\t\t<\/div>\n\t\t\t\t\t<\/div>\n\t\t<\/div>\n\t\t\t\t\t<\/div>\n\t\t<\/section>\n\t\t\t\t<section class=\"elementor-section elementor-top-section elementor-element elementor-element-e76da5a elementor-section-boxed elementor-section-height-default elementor-section-height-default\" data-id=\"e76da5a\" data-element_type=\"section\">\n\t\t\t\t\t\t<div class=\"elementor-container elementor-column-gap-default\">\n\t\t\t\t\t<div class=\"elementor-column elementor-col-50 elementor-top-column elementor-element elementor-element-cd9715c\" data-id=\"cd9715c\" data-element_type=\"column\">\n\t\t\t<div class=\"elementor-widget-wrap elementor-element-populated\">\n\t\t\t\t\t\t<div class=\"elementor-element elementor-element-c50753c elementor-widget elementor-widget-image\" data-id=\"c50753c\" data-element_type=\"widget\" data-widget_type=\"image.default\">\n\t\t\t\t<div class=\"elementor-widget-container\">\n\t\t\t\t\t\t\t\t\t\t\t\t\t\t\t<img fetchpriority=\"high\" decoding=\"async\" width=\"939\" height=\"1024\" src=\"https:\/\/nlsfrance.mind101.fr\/wp-content\/uploads\/2019\/06\/1-939x1024.webp\" class=\"attachment-large size-large wp-image-20947\" alt=\"\" srcset=\"https:\/\/nlsfrance.mind101.fr\/wp-content\/uploads\/2019\/06\/1-939x1024.webp 939w, https:\/\/nlsfrance.mind101.fr\/wp-content\/uploads\/2019\/06\/1-275x300.webp 275w, https:\/\/nlsfrance.mind101.fr\/wp-content\/uploads\/2019\/06\/1-768x838.webp 768w, https:\/\/nlsfrance.mind101.fr\/wp-content\/uploads\/2019\/06\/1-11x12.webp 11w, https:\/\/nlsfrance.mind101.fr\/wp-content\/uploads\/2019\/06\/1-733x800.webp 733w, https:\/\/nlsfrance.mind101.fr\/wp-content\/uploads\/2019\/06\/1-480x524.webp 480w, https:\/\/nlsfrance.mind101.fr\/wp-content\/uploads\/2019\/06\/1-600x654.webp 600w, https:\/\/nlsfrance.mind101.fr\/wp-content\/uploads\/2019\/06\/1.webp 1080w\" sizes=\"(max-width: 939px) 100vw, 939px\" \/>\t\t\t\t\t\t\t\t\t\t\t\t\t\t\t<\/div>\n\t\t\t\t<\/div>\n\t\t\t\t<div class=\"elementor-element elementor-element-1a7f366 elementor-widget elementor-widget-spacer\" data-id=\"1a7f366\" data-element_type=\"widget\" data-widget_type=\"spacer.default\">\n\t\t\t\t<div class=\"elementor-widget-container\">\n\t\t\t\t\t\t\t<div class=\"elementor-spacer\">\n\t\t\t<div class=\"elementor-spacer-inner\"><\/div>\n\t\t<\/div>\n\t\t\t\t\t\t<\/div>\n\t\t\t\t<\/div>\n\t\t\t\t\t<\/div>\n\t\t<\/div>\n\t\t\t\t<div class=\"elementor-column elementor-col-50 elementor-top-column elementor-element elementor-element-ed9c0e6\" data-id=\"ed9c0e6\" data-element_type=\"column\">\n\t\t\t<div class=\"elementor-widget-wrap elementor-element-populated\">\n\t\t\t\t\t\t<div class=\"elementor-element elementor-element-baa31c9 elementor-widget elementor-widget-text-editor\" data-id=\"baa31c9\" data-element_type=\"widget\" data-widget_type=\"text-editor.default\">\n\t\t\t\t<div class=\"elementor-widget-container\">\n\t\t\t\t\t\t\t\t\t<div class=\"yacht-card\" style=\"max-width: 600px; border: 1px solid #ddd; border-radius: 8px; padding: 20px; font-family: Arial, sans-serif;\">\n<h2 style=\"margin-bottom: 5px;\">Yacht CC \u2013 Bluegame 20 m<\/h2>\n<ul style=\"list-style: none; padding: 0; margin: 0; line-height: 1.8;\">\n \t<li><i class=\"fas fa-map-marker-alt\"><\/i> <strong>Home Port<\/strong> Cogolin<\/li>\n \t<li><i class=\"fas fa-ruler-horizontal\"><\/i> <strong>Length :<\/strong> 20.00 m<\/li>\n \t<li><i class=\"fas fa-ruler-combined\"><\/i> <strong>Width :<\/strong> 5.30 m<\/li>\n \t<li><i class=\"fas fa-calendar-alt\"><\/i> <strong>Year of Construction :<\/strong> 2025<\/li>\n \t<li><i class=\"fas fa-industry\"><\/i> <strong>Builder:<\/strong> Bluegame<\/li>\n \t<li><i class=\"fas fa-water\"><\/i> <strong>Stabilizers at anchor and underway:<\/strong> Yes<\/li>\n \t<li><i class=\"fas fa-bed\"><\/i> <strong>3 cabins<\/strong> (1 Master, 1 VIP, 1 Twin)<\/li>\n \t<li><i class=\"fas fa-user-friends\"><\/i> <strong>Guests (berths):<\/strong> 6<\/li>\n \t<li><i class=\"fas fa-users\"><\/i> <strong>Guests (cruising):<\/strong> 10<\/li>\n \t<li><i class=\"fas fa-user-tie\"><\/i> <strong>Total Crew :<\/strong> 2<\/li>\n \t<li><i class=\"fas fa-gas-pump\"><\/i> <strong>Fuel Consumption :<\/strong> ~260 L\/h<\/li>\n \t<li><i class=\"fas fa-tachometer-alt\"><\/i> <strong>Cruising Speed :<\/strong> Cruising speed:<\/li>\n \t<li><i class=\"fas fa-tachometer-alt\"><\/i> <strong>Maximum Speed :<\/strong> 30 n\u0153uds<\/li>\n \t<li><i class=\"fas fa-anchor\"><\/i> <strong>Tender &amp; toys :<\/strong> 1 paddle, 2 Seabobs, 1 inflatable donut <em>(other toys to be confirmed)<\/em><\/li>\n<\/ul>\n<h4 style=\"margin-bottom: 10px;\">Rates:<\/h4>\n<ul style=\"list-style: none; padding: 0; margin: 0; line-height: 1.8;\">\n \t<li><strong>\u20ac 6 500  EXCL. VAT\/day<\/strong> (high season) + 40% APA<\/li>\n \t<li><strong>\u20ac 6,000 EXCL. VAT\/day<\/strong> (high season) + 40% APA<\/li>\n \t<li><strong>\u20ac 39 000  EXCL. VAT\/week<\/strong> (high season) + 40% APA<\/li>\n \t<li><strong>\u20ac 36,000 EXCL. VAT\/week<\/strong> (low season) + 40% APA<\/li>\n<\/ul>\n<\/div>\t\t\t\t\t\t\t\t<\/div>\n\t\t\t\t<\/div>\n\t\t\t\t<div class=\"elementor-element elementor-element-63a8526 elementor-widget elementor-widget-spacer\" data-id=\"63a8526\" data-element_type=\"widget\" data-widget_type=\"spacer.default\">\n\t\t\t\t<div class=\"elementor-widget-container\">\n\t\t\t\t\t\t\t<div class=\"elementor-spacer\">\n\t\t\t<div class=\"elementor-spacer-inner\"><\/div>\n\t\t<\/div>\n\t\t\t\t\t\t<\/div>\n\t\t\t\t<\/div>\n\t\t\t\t<div class=\"elementor-element elementor-element-3908128 elementor-widget__width-initial elementor-widget-mobile__width-initial elementor-widget elementor-widget-lte-button\" data-id=\"3908128\" data-element_type=\"widget\" data-widget_type=\"lte-button.default\">\n\t\t\t\t<div class=\"elementor-widget-container\">\n\t\t\t\t\t<div class=\"lte-btn-wrap\">\r\n\t<a href=\"\"  class=\"lte-btn btn-main color-hover-default\"><span class=\"lte-btn-inner\"><span class=\"lte-btn-before\"><\/span>Book Now<span class=\"lte-btn-after\"><\/span><\/span><\/a><\/div>\t\t\t\t<\/div>\n\t\t\t\t<\/div>\n\t\t\t\t<div class=\"elementor-element elementor-element-15ec9ef elementor-widget elementor-widget-spacer\" data-id=\"15ec9ef\" data-element_type=\"widget\" data-widget_type=\"spacer.default\">\n\t\t\t\t<div class=\"elementor-widget-container\">\n\t\t\t\t\t\t\t<div class=\"elementor-spacer\">\n\t\t\t<div class=\"elementor-spacer-inner\"><\/div>\n\t\t<\/div>\n\t\t\t\t\t\t<\/div>\n\t\t\t\t<\/div>\n\t\t\t\t\t<\/div>\n\t\t<\/div>\n\t\t\t\t\t<\/div>\n\t\t<\/section>\n\t\t\t\t<section class=\"elementor-section elementor-top-section elementor-element elementor-element-a544f6f elementor-section-boxed elementor-section-height-default elementor-section-height-default\" data-id=\"a544f6f\" data-element_type=\"section\">\n\t\t\t\t\t\t<div class=\"elementor-container elementor-column-gap-no\">\n\t\t\t\t\t<div class=\"elementor-column elementor-col-100 elementor-top-column elementor-element elementor-element-a302b31\" data-id=\"a302b31\" data-element_type=\"column\">\n\t\t\t<div class=\"elementor-widget-wrap elementor-element-populated\">\n\t\t\t\t\t\t<div class=\"elementor-element elementor-element-d22acba elementor-widget elementor-widget-spacer\" data-id=\"d22acba\" data-element_type=\"widget\" data-widget_type=\"spacer.default\">\n\t\t\t\t<div class=\"elementor-widget-container\">\n\t\t\t\t\t\t\t<div class=\"elementor-spacer\">\n\t\t\t<div class=\"elementor-spacer-inner\"><\/div>\n\t\t<\/div>\n\t\t\t\t\t\t<\/div>\n\t\t\t\t<\/div>\n\t\t\t\t<div class=\"elementor-element elementor-element-090b04f elementor-widget elementor-widget-spacer\" data-id=\"090b04f\" data-element_type=\"widget\" data-widget_type=\"spacer.default\">\n\t\t\t\t<div class=\"elementor-widget-container\">\n\t\t\t\t\t\t\t<div class=\"elementor-spacer\">\n\t\t\t<div class=\"elementor-spacer-inner\"><\/div>\n\t\t<\/div>\n\t\t\t\t\t\t<\/div>\n\t\t\t\t<\/div>\n\t\t\t\t<div class=\"elementor-element elementor-element-1e7d7eb elementor-arrows-position-inside elementor-pagination-position-outside elementor-widget elementor-widget-image-carousel\" data-id=\"1e7d7eb\" data-element_type=\"widget\" data-settings=\"{&quot;slides_to_show&quot;:&quot;3&quot;,&quot;slides_to_show_tablet&quot;:&quot;2&quot;,&quot;slides_to_show_mobile&quot;:&quot;2&quot;,&quot;slides_to_scroll&quot;:&quot;1&quot;,&quot;lazyload&quot;:&quot;yes&quot;,&quot;image_spacing_custom&quot;:{&quot;unit&quot;:&quot;px&quot;,&quot;size&quot;:10,&quot;sizes&quot;:[]},&quot;image_spacing_custom_mobile&quot;:{&quot;unit&quot;:&quot;px&quot;,&quot;size&quot;:5,&quot;sizes&quot;:[]},&quot;navigation&quot;:&quot;both&quot;,&quot;autoplay&quot;:&quot;yes&quot;,&quot;pause_on_hover&quot;:&quot;yes&quot;,&quot;pause_on_interaction&quot;:&quot;yes&quot;,&quot;autoplay_speed&quot;:5000,&quot;infinite&quot;:&quot;yes&quot;,&quot;speed&quot;:500,&quot;image_spacing_custom_tablet&quot;:{&quot;unit&quot;:&quot;px&quot;,&quot;size&quot;:&quot;&quot;,&quot;sizes&quot;:[]}}\" data-widget_type=\"image-carousel.default\">\n\t\t\t\t<div class=\"elementor-widget-container\">\n\t\t\t\t\t\t\t<div class=\"elementor-image-carousel-wrapper swiper\" role=\"region\" aria-roledescription=\"carousel\" aria-label=\"Carrousel d\u2019images\" dir=\"ltr\">\n\t\t\t<div class=\"elementor-image-carousel swiper-wrapper\" aria-live=\"off\">\n\t\t\t\t\t\t\t\t<div class=\"swiper-slide\" role=\"group\" aria-roledescription=\"slide\" aria-label=\"1 of 9\"><figure class=\"swiper-slide-inner\"><img class=\"swiper-slide-image swiper-lazy\" data-src=\"https:\/\/nlsfrance.mind101.fr\/wp-content\/uploads\/2019\/06\/56-ATRAVERSIA-\u2013-VisionF-E-Cat-80-Catamaran-Charter-cabin-3-4-bathroom-360x360.jpg\" alt=\"56 ATRAVERSIA \u2013 VisionF E-Cat 80 Catamaran Charter cabin 3 4 bathroom\" \/><div class=\"swiper-lazy-preloader\"><\/div><\/figure><\/div><div class=\"swiper-slide\" role=\"group\" aria-roledescription=\"slide\" aria-label=\"2 of 9\"><figure class=\"swiper-slide-inner\"><img class=\"swiper-slide-image swiper-lazy\" data-src=\"https:\/\/nlsfrance.mind101.fr\/wp-content\/uploads\/2019\/06\/55-ATRAVERSIA-\u2013-VisionF-E-Cat-80-Catamaran-Charter-cabin-3-3-360x360.jpg\" alt=\"55 ATRAVERSIA \u2013 VisionF E-Cat 80 Catamaran Charter cabin 3 3\" \/><div class=\"swiper-lazy-preloader\"><\/div><\/figure><\/div><div class=\"swiper-slide\" role=\"group\" aria-roledescription=\"slide\" aria-label=\"3 of 9\"><figure class=\"swiper-slide-inner\"><img class=\"swiper-slide-image swiper-lazy\" data-src=\"https:\/\/nlsfrance.mind101.fr\/wp-content\/uploads\/2019\/06\/54-ATRAVERSIA-\u2013-VisionF-E-Cat-80-Catamaran-Charter-cabin-3-2-360x360.jpg\" alt=\"54 ATRAVERSIA \u2013 VisionF E-Cat 80 Catamaran Charter cabin 3 2\" \/><div class=\"swiper-lazy-preloader\"><\/div><\/figure><\/div><div class=\"swiper-slide\" role=\"group\" aria-roledescription=\"slide\" aria-label=\"4 of 9\"><figure class=\"swiper-slide-inner\"><img class=\"swiper-slide-image swiper-lazy\" data-src=\"https:\/\/nlsfrance.mind101.fr\/wp-content\/uploads\/2019\/06\/53-ATRAVERSIA-\u2013-VisionF-E-Cat-80-Catamaran-Charter-cabin-3-1-360x360.jpg\" alt=\"53 ATRAVERSIA \u2013 VisionF E-Cat 80 Catamaran Charter cabin 3 1\" \/><div class=\"swiper-lazy-preloader\"><\/div><\/figure><\/div><div class=\"swiper-slide\" role=\"group\" aria-roledescription=\"slide\" aria-label=\"5 of 9\"><figure class=\"swiper-slide-inner\"><img class=\"swiper-slide-image swiper-lazy\" data-src=\"https:\/\/nlsfrance.mind101.fr\/wp-content\/uploads\/2019\/06\/52-ATRAVERSIA-\u2013-VisionF-E-Cat-80-Catamaran-Charter-cabin-2-bathroom-360x360.jpg\" alt=\"52 ATRAVERSIA \u2013 VisionF E-Cat 80 Catamaran Charter cabin 2 bathroom\" \/><div class=\"swiper-lazy-preloader\"><\/div><\/figure><\/div><div class=\"swiper-slide\" role=\"group\" aria-roledescription=\"slide\" aria-label=\"6 of 9\"><figure class=\"swiper-slide-inner\"><img class=\"swiper-slide-image swiper-lazy\" data-src=\"https:\/\/nlsfrance.mind101.fr\/wp-content\/uploads\/2019\/06\/51-ATRAVERSIA-\u2013-VisionF-E-Cat-80-Catamaran-Charter-cabin-2-2-360x360.jpg\" alt=\"51 ATRAVERSIA \u2013 VisionF E-Cat 80 Catamaran Charter cabin 2 2\" \/><div class=\"swiper-lazy-preloader\"><\/div><\/figure><\/div><div class=\"swiper-slide\" role=\"group\" aria-roledescription=\"slide\" aria-label=\"7 of 9\"><figure class=\"swiper-slide-inner\"><img class=\"swiper-slide-image swiper-lazy\" data-src=\"https:\/\/nlsfrance.mind101.fr\/wp-content\/uploads\/2019\/06\/50-ATRAVERSIA-\u2013-VisionF-E-Cat-80-Catamaran-Charter-cabin-2-1-360x360.jpg\" alt=\"50 ATRAVERSIA \u2013 VisionF E-Cat 80 Catamaran Charter cabin 2 1\" \/><div class=\"swiper-lazy-preloader\"><\/div><\/figure><\/div><div class=\"swiper-slide\" role=\"group\" aria-roledescription=\"slide\" aria-label=\"8 of 9\"><figure class=\"swiper-slide-inner\"><img class=\"swiper-slide-image swiper-lazy\" data-src=\"https:\/\/nlsfrance.mind101.fr\/wp-content\/uploads\/2019\/06\/49-ATRAVERSIA-\u2013-VisionF-E-Cat-80-Catamaran-Charter-cabin-1-bathroom-360x360.jpg\" alt=\"49 ATRAVERSIA \u2013 VisionF E-Cat 80 Catamaran Charter cabin 1 bathroom\" \/><div class=\"swiper-lazy-preloader\"><\/div><\/figure><\/div><div class=\"swiper-slide\" role=\"group\" aria-roledescription=\"slide\" aria-label=\"9 of 9\"><figure class=\"swiper-slide-inner\"><img class=\"swiper-slide-image swiper-lazy\" data-src=\"https:\/\/nlsfrance.mind101.fr\/wp-content\/uploads\/2019\/06\/48-ATRAVERSIA-\u2013-VisionF-E-Cat-80-Catamaran-Charter-cabin-1-3-360x360.jpg\" alt=\"48 ATRAVERSIA \u2013 VisionF E-Cat 80 Catamaran Charter cabin 1 3\" \/><div class=\"swiper-lazy-preloader\"><\/div><\/figure><\/div>\t\t\t<\/div>\n\t\t\t\t\t\t\t\t\t\t\t\t<div class=\"elementor-swiper-button elementor-swiper-button-prev\" role=\"button\" tabindex=\"0\">\n\t\t\t\t\t\t<i aria-hidden=\"true\" class=\"eicon-chevron-left\"><\/i>\t\t\t\t\t<\/div>\n\t\t\t\t\t<div class=\"elementor-swiper-button elementor-swiper-button-next\" role=\"button\" tabindex=\"0\">\n\t\t\t\t\t\t<i aria-hidden=\"true\" class=\"eicon-chevron-right\"><\/i>\t\t\t\t\t<\/div>\n\t\t\t\t\n\t\t\t\t\t\t\t\t\t<div class=\"swiper-pagination\"><\/div>\n\t\t\t\t\t\t\t\t\t<\/div>\n\t\t\t\t\t\t<\/div>\n\t\t\t\t<\/div>\n\t\t\t\t<div class=\"elementor-element elementor-element-4a93dcb elementor-widget elementor-widget-spacer\" data-id=\"4a93dcb\" data-element_type=\"widget\" data-widget_type=\"spacer.default\">\n\t\t\t\t<div class=\"elementor-widget-container\">\n\t\t\t\t\t\t\t<div class=\"elementor-spacer\">\n\t\t\t<div class=\"elementor-spacer-inner\"><\/div>\n\t\t<\/div>\n\t\t\t\t\t\t<\/div>\n\t\t\t\t<\/div>\n\t\t\t\t<div class=\"elementor-element elementor-element-809acda elementor-widget elementor-widget-spacer\" data-id=\"809acda\" data-element_type=\"widget\" data-widget_type=\"spacer.default\">\n\t\t\t\t<div class=\"elementor-widget-container\">\n\t\t\t\t\t\t\t<div class=\"elementor-spacer\">\n\t\t\t<div class=\"elementor-spacer-inner\"><\/div>\n\t\t<\/div>\n\t\t\t\t\t\t<\/div>\n\t\t\t\t<\/div>\n\t\t\t\t\t<\/div>\n\t\t<\/div>\n\t\t\t\t\t<\/div>\n\t\t<\/section>\n\t\t\t\t<\/div>","protected":false},"excerpt":{"rendered":"<p>Yacht CC Yacht CC \u2013 Bluegame 20 m Port d\u2019attache : Cogolin Longueur : 20.00 m Largeur : 5.30 m Ann\u00e9e de construction : 2025 Constructeur : Bluegame Stabilisateurs au mouillage et en route : Oui 3 cabines (1 Master, 1 VIP, 1 Twin) Invit\u00e9s (couchettes) : 6 Invit\u00e9s (en croisi\u00e8re) : 10 \u00c9quipage total [&hellip;]<\/p>","protected":false},"author":1,"featured_media":0,"parent":0,"menu_order":0,"comment_status":"closed","ping_status":"closed","template":"","meta":{"footnotes":""},"class_list":["post-19722","page","type-page","status-publish","hentry"],"_links":{"self":[{"href":"https:\/\/nlsfrance.mind101.fr\/en\/wp-json\/wp\/v2\/pages\/19722","targetHints":{"allow":["GET"]}}],"collection":[{"href":"https:\/\/nlsfrance.mind101.fr\/en\/wp-json\/wp\/v2\/pages"}],"about":[{"href":"https:\/\/nlsfrance.mind101.fr\/en\/wp-json\/wp\/v2\/types\/page"}],"author":[{"embeddable":true,"href":"https:\/\/nlsfrance.mind101.fr\/en\/wp-json\/wp\/v2\/users\/1"}],"replies":[{"embeddable":true,"href":"https:\/\/nlsfrance.mind101.fr\/en\/wp-json\/wp\/v2\/comments?post=19722"}],"version-history":[{"count":13,"href":"https:\/\/nlsfrance.mind101.fr\/en\/wp-json\/wp\/v2\/pages\/19722\/revisions"}],"predecessor-version":[{"id":20962,"href":"https:\/\/nlsfrance.mind101.fr\/en\/wp-json\/wp\/v2\/pages\/19722\/revisions\/20962"}],"wp:attachment":[{"href":"https:\/\/nlsfrance.mind101.fr\/en\/wp-json\/wp\/v2\/media?parent=19722"}],"curies":[{"name":"wp","href":"https:\/\/api.w.org\/{rel}","templated":true}]}}