{"id":19759,"date":"2025-08-11T22:55:58","date_gmt":"2025-08-11T20:55:58","guid":{"rendered":"https:\/\/nlsfrance.mind101.fr\/?page_id=19759"},"modified":"2025-12-16T13:19:36","modified_gmt":"2025-12-16T12:19:36","slug":"jff","status":"publish","type":"page","link":"https:\/\/nlsfrance.mind101.fr\/en\/jff\/","title":{"rendered":"JFF"},"content":{"rendered":"<div data-elementor-type=\"wp-page\" data-elementor-id=\"19759\" class=\"elementor elementor-19759\">\n\t\t\t\t\t\t<section class=\"elementor-section elementor-top-section elementor-element elementor-element-5a18852 elementor-section-boxed elementor-section-height-default elementor-section-height-default\" data-id=\"5a18852\" data-element_type=\"section\">\n\t\t\t\t\t\t<div class=\"elementor-container elementor-column-gap-default\">\n\t\t\t\t\t<div class=\"elementor-column elementor-col-100 elementor-top-column elementor-element elementor-element-e3f6f67\" data-id=\"e3f6f67\" data-element_type=\"column\">\n\t\t\t<div class=\"elementor-widget-wrap elementor-element-populated\">\n\t\t\t\t\t\t<div class=\"elementor-element elementor-element-5597613 lte-heading-style-header-subheader elementor-widget elementor-widget-lte-header\" data-id=\"5597613\" data-element_type=\"widget\" data-widget_type=\"lte-header.default\">\n\t\t\t\t<div class=\"elementor-widget-container\">\n\t\t\t\t\t<div class=\"lte-heading lte-style-header-subheader lte-subcolor-main heading-tag-h2 heading-subtag-h6\"><div class=\"lte-heading-content\"><h2 class=\"lte-header\">JFF<\/h2><\/div><\/div>\t\t\t\t<\/div>\n\t\t\t\t<\/div>\n\t\t\t\t<div class=\"elementor-element elementor-element-6a53bb2 elementor-widget elementor-widget-spacer\" data-id=\"6a53bb2\" data-element_type=\"widget\" data-widget_type=\"spacer.default\">\n\t\t\t\t<div class=\"elementor-widget-container\">\n\t\t\t\t\t\t\t<div class=\"elementor-spacer\">\n\t\t\t<div class=\"elementor-spacer-inner\"><\/div>\n\t\t<\/div>\n\t\t\t\t\t\t<\/div>\n\t\t\t\t<\/div>\n\t\t\t\t\t<\/div>\n\t\t<\/div>\n\t\t\t\t\t<\/div>\n\t\t<\/section>\n\t\t\t\t<section class=\"elementor-section elementor-top-section elementor-element elementor-element-e76da5a elementor-section-boxed elementor-section-height-default elementor-section-height-default\" data-id=\"e76da5a\" data-element_type=\"section\">\n\t\t\t\t\t\t<div class=\"elementor-container elementor-column-gap-default\">\n\t\t\t\t\t<div class=\"elementor-column elementor-col-50 elementor-top-column elementor-element elementor-element-cd9715c\" data-id=\"cd9715c\" data-element_type=\"column\">\n\t\t\t<div class=\"elementor-widget-wrap elementor-element-populated\">\n\t\t\t\t\t\t<div class=\"elementor-element elementor-element-c50753c elementor-widget elementor-widget-image\" data-id=\"c50753c\" data-element_type=\"widget\" data-widget_type=\"image.default\">\n\t\t\t\t<div class=\"elementor-widget-container\">\n\t\t\t\t\t\t\t\t\t\t\t\t\t\t\t<img fetchpriority=\"high\" decoding=\"async\" width=\"1024\" height=\"576\" src=\"https:\/\/nlsfrance.mind101.fr\/wp-content\/uploads\/2019\/06\/DJI_20250521161455_0066_D-1024x576.webp\" class=\"attachment-large size-large wp-image-19765\" alt=\"\" srcset=\"https:\/\/nlsfrance.mind101.fr\/wp-content\/uploads\/2019\/06\/DJI_20250521161455_0066_D-1024x576.webp 1024w, https:\/\/nlsfrance.mind101.fr\/wp-content\/uploads\/2019\/06\/DJI_20250521161455_0066_D-300x169.webp 300w, https:\/\/nlsfrance.mind101.fr\/wp-content\/uploads\/2019\/06\/DJI_20250521161455_0066_D-768x432.webp 768w, https:\/\/nlsfrance.mind101.fr\/wp-content\/uploads\/2019\/06\/DJI_20250521161455_0066_D-800x450.webp 800w, https:\/\/nlsfrance.mind101.fr\/wp-content\/uploads\/2019\/06\/DJI_20250521161455_0066_D-480x270.webp 480w, https:\/\/nlsfrance.mind101.fr\/wp-content\/uploads\/2019\/06\/DJI_20250521161455_0066_D-600x338.webp 600w, https:\/\/nlsfrance.mind101.fr\/wp-content\/uploads\/2019\/06\/DJI_20250521161455_0066_D.webp 1200w\" sizes=\"(max-width: 1024px) 100vw, 1024px\" \/>\t\t\t\t\t\t\t\t\t\t\t\t\t\t\t<\/div>\n\t\t\t\t<\/div>\n\t\t\t\t<div class=\"elementor-element elementor-element-1a7f366 elementor-widget elementor-widget-spacer\" data-id=\"1a7f366\" data-element_type=\"widget\" data-widget_type=\"spacer.default\">\n\t\t\t\t<div class=\"elementor-widget-container\">\n\t\t\t\t\t\t\t<div class=\"elementor-spacer\">\n\t\t\t<div class=\"elementor-spacer-inner\"><\/div>\n\t\t<\/div>\n\t\t\t\t\t\t<\/div>\n\t\t\t\t<\/div>\n\t\t\t\t\t<\/div>\n\t\t<\/div>\n\t\t\t\t<div class=\"elementor-column elementor-col-50 elementor-top-column elementor-element elementor-element-ed9c0e6\" data-id=\"ed9c0e6\" data-element_type=\"column\">\n\t\t\t<div class=\"elementor-widget-wrap elementor-element-populated\">\n\t\t\t\t\t\t<div class=\"elementor-element elementor-element-baa31c9 elementor-widget elementor-widget-text-editor\" data-id=\"baa31c9\" data-element_type=\"widget\" data-widget_type=\"text-editor.default\">\n\t\t\t\t<div class=\"elementor-widget-container\">\n\t\t\t\t\t\t\t\t\t<div class=\"yacht-card\" style=\"max-width: 600px; border: 1px solid #ddd; border-radius: 8px; padding: 20px; font-family: Arial, sans-serif;\">\n<h2 style=\"margin-bottom: 5px;\">JFF \u2013 Mangusta 33,50 m<\/h2>\n<ul style=\"list-style: none; padding: 0; margin: 0; line-height: 1.8;\">\n \t<li><i class=\"fas fa-map-marker-alt\"><\/i> <strong>Home Port<\/strong> Cannes Port Canto<\/li>\n \t<li><i class=\"fas fa-ruler-horizontal\"><\/i> <strong>Length :<\/strong> 33,50 m<\/li>\n \t<li><i class=\"fas fa-ruler-combined\"><\/i> <strong>Width :<\/strong> 7,12 m<\/li>\n \t<li><i class=\"fas fa-calendar-alt\"><\/i> <strong>Year of Construction :<\/strong> 2001 \u2014 r\u00e9novation : 2020<\/li>\n \t<li><i class=\"fas fa-industry\"><\/i> <strong>Builder:<\/strong> Mangusta<\/li>\n \t<li><i class=\"fas fa-bed\"><\/i> <strong>3 cabins<\/strong> + convertible salon into sleeping area<\/li>\n \t<li><i class=\"fas fa-door-open\"><\/i> <strong>Configuration des cabines :<\/strong> 3 doubles (1 Master, 1 VIP, 1 Double)<\/li>\n \t<li><i class=\"fas fa-user-friends\"><\/i> <strong>Guests (berths):<\/strong> 6\/8<\/li>\n \t<li><i class=\"fas fa-users\"><\/i> <strong>Guests (cruising):<\/strong> 12<\/li>\n \t<li><i class=\"fas fa-user-tie\"><\/i> <strong>Total Crew :<\/strong> 5<\/li>\n \t<li><i class=\"fas fa-gas-pump\"><\/i> <strong>Fuel Consumption :<\/strong> ~850 L\/h<\/li>\n \t<li><i class=\"fas fa-tachometer-alt\"><\/i> <strong>Cruising Speed :<\/strong> ~28 knots<\/li>\n \t<li><i class=\"fas fa-tachometer-alt\"><\/i> <strong>Maximum Speed :<\/strong> ~37 knots<\/li>\n \t<li><i class=\"fas fa-anchor\"><\/i> <strong>Toys &amp; equipment :<\/strong> 4.35 m Williams tender (150 hp Diesel, 2019), 1 Seadoo Spark 2020, 1 Seadoo Spark 2021, 2-person donut, 1 paddle, 1 Seabob, 1 wakeboard, snorkeling equipment<\/li>\n<\/ul>\n<h4 style=\"margin: 15px 0 10px;\">Rates:<\/h4>\n<ul style=\"list-style: none; padding: 0; margin: 0; line-height: 1.8;\">\n \t<li><strong>\u20ac10,900 EXCL. VAT\/day<\/strong> + 40% APA<\/li>\n \t<li><strong>\u20ac65,400 EXCL. VAT\/week<\/strong> + 40% APA<\/li>\n<\/ul>\n<\/div>\n<!-- Font Awesome CDN (if not already loaded) -->\t\t\t\t\t\t\t\t<\/div>\n\t\t\t\t<\/div>\n\t\t\t\t<div class=\"elementor-element elementor-element-63a8526 elementor-widget elementor-widget-spacer\" data-id=\"63a8526\" data-element_type=\"widget\" data-widget_type=\"spacer.default\">\n\t\t\t\t<div class=\"elementor-widget-container\">\n\t\t\t\t\t\t\t<div class=\"elementor-spacer\">\n\t\t\t<div class=\"elementor-spacer-inner\"><\/div>\n\t\t<\/div>\n\t\t\t\t\t\t<\/div>\n\t\t\t\t<\/div>\n\t\t\t\t<div class=\"elementor-element elementor-element-3908128 elementor-widget__width-initial elementor-widget-mobile__width-initial elementor-widget elementor-widget-lte-button\" data-id=\"3908128\" data-element_type=\"widget\" data-widget_type=\"lte-button.default\">\n\t\t\t\t<div class=\"elementor-widget-container\">\n\t\t\t\t\t<div class=\"lte-btn-wrap\">\r\n\t<a href=\"\"  class=\"lte-btn btn-main color-hover-default\"><span class=\"lte-btn-inner\"><span class=\"lte-btn-before\"><\/span>Book Now<span class=\"lte-btn-after\"><\/span><\/span><\/a><\/div>\t\t\t\t<\/div>\n\t\t\t\t<\/div>\n\t\t\t\t<div class=\"elementor-element elementor-element-15ec9ef elementor-widget elementor-widget-spacer\" data-id=\"15ec9ef\" data-element_type=\"widget\" data-widget_type=\"spacer.default\">\n\t\t\t\t<div class=\"elementor-widget-container\">\n\t\t\t\t\t\t\t<div class=\"elementor-spacer\">\n\t\t\t<div class=\"elementor-spacer-inner\"><\/div>\n\t\t<\/div>\n\t\t\t\t\t\t<\/div>\n\t\t\t\t<\/div>\n\t\t\t\t\t<\/div>\n\t\t<\/div>\n\t\t\t\t\t<\/div>\n\t\t<\/section>\n\t\t\t\t<section class=\"elementor-section elementor-top-section elementor-element elementor-element-a544f6f elementor-section-boxed elementor-section-height-default elementor-section-height-default\" data-id=\"a544f6f\" data-element_type=\"section\">\n\t\t\t\t\t\t<div class=\"elementor-container elementor-column-gap-no\">\n\t\t\t\t\t<div class=\"elementor-column elementor-col-100 elementor-top-column elementor-element elementor-element-a302b31\" data-id=\"a302b31\" data-element_type=\"column\">\n\t\t\t<div class=\"elementor-widget-wrap elementor-element-populated\">\n\t\t\t\t\t\t<div class=\"elementor-element elementor-element-d22acba elementor-widget elementor-widget-spacer\" data-id=\"d22acba\" data-element_type=\"widget\" data-widget_type=\"spacer.default\">\n\t\t\t\t<div class=\"elementor-widget-container\">\n\t\t\t\t\t\t\t<div class=\"elementor-spacer\">\n\t\t\t<div class=\"elementor-spacer-inner\"><\/div>\n\t\t<\/div>\n\t\t\t\t\t\t<\/div>\n\t\t\t\t<\/div>\n\t\t\t\t<div class=\"elementor-element elementor-element-090b04f elementor-widget elementor-widget-spacer\" data-id=\"090b04f\" data-element_type=\"widget\" data-widget_type=\"spacer.default\">\n\t\t\t\t<div class=\"elementor-widget-container\">\n\t\t\t\t\t\t\t<div class=\"elementor-spacer\">\n\t\t\t<div class=\"elementor-spacer-inner\"><\/div>\n\t\t<\/div>\n\t\t\t\t\t\t<\/div>\n\t\t\t\t<\/div>\n\t\t\t\t<div class=\"elementor-element elementor-element-1e7d7eb elementor-arrows-position-inside elementor-pagination-position-outside elementor-widget elementor-widget-image-carousel\" data-id=\"1e7d7eb\" data-element_type=\"widget\" data-settings=\"{&quot;slides_to_show&quot;:&quot;3&quot;,&quot;slides_to_show_tablet&quot;:&quot;2&quot;,&quot;slides_to_show_mobile&quot;:&quot;2&quot;,&quot;slides_to_scroll&quot;:&quot;1&quot;,&quot;lazyload&quot;:&quot;yes&quot;,&quot;image_spacing_custom&quot;:{&quot;unit&quot;:&quot;px&quot;,&quot;size&quot;:10,&quot;sizes&quot;:[]},&quot;image_spacing_custom_mobile&quot;:{&quot;unit&quot;:&quot;px&quot;,&quot;size&quot;:5,&quot;sizes&quot;:[]},&quot;navigation&quot;:&quot;both&quot;,&quot;autoplay&quot;:&quot;yes&quot;,&quot;pause_on_hover&quot;:&quot;yes&quot;,&quot;pause_on_interaction&quot;:&quot;yes&quot;,&quot;autoplay_speed&quot;:5000,&quot;infinite&quot;:&quot;yes&quot;,&quot;speed&quot;:500,&quot;image_spacing_custom_tablet&quot;:{&quot;unit&quot;:&quot;px&quot;,&quot;size&quot;:&quot;&quot;,&quot;sizes&quot;:[]}}\" data-widget_type=\"image-carousel.default\">\n\t\t\t\t<div class=\"elementor-widget-container\">\n\t\t\t\t\t\t\t<div class=\"elementor-image-carousel-wrapper swiper\" role=\"region\" aria-roledescription=\"carousel\" aria-label=\"Carrousel d\u2019images\" dir=\"ltr\">\n\t\t\t<div class=\"elementor-image-carousel swiper-wrapper\" aria-live=\"off\">\n\t\t\t\t\t\t\t\t<div class=\"swiper-slide\" role=\"group\" aria-roledescription=\"slide\" aria-label=\"1 of 19\"><figure class=\"swiper-slide-inner\"><img class=\"swiper-slide-image swiper-lazy\" data-src=\"https:\/\/nlsfrance.mind101.fr\/wp-content\/uploads\/2019\/06\/DJI_20250521161431_0062_D-360x360.webp\" alt=\"DJI_20250521161431_0062_D\" \/><div class=\"swiper-lazy-preloader\"><\/div><\/figure><\/div><div class=\"swiper-slide\" role=\"group\" aria-roledescription=\"slide\" aria-label=\"2 of 19\"><figure class=\"swiper-slide-inner\"><img class=\"swiper-slide-image swiper-lazy\" data-src=\"https:\/\/nlsfrance.mind101.fr\/wp-content\/uploads\/2019\/06\/DJI_20250521161940_0084_D-360x360.webp\" alt=\"DJI_20250521161940_0084_D\" \/><div class=\"swiper-lazy-preloader\"><\/div><\/figure><\/div><div class=\"swiper-slide\" role=\"group\" aria-roledescription=\"slide\" aria-label=\"3 of 19\"><figure class=\"swiper-slide-inner\"><img class=\"swiper-slide-image swiper-lazy\" data-src=\"https:\/\/nlsfrance.mind101.fr\/wp-content\/uploads\/2019\/06\/THOM4891-360x360.webp\" alt=\"THOM4891\" \/><div class=\"swiper-lazy-preloader\"><\/div><\/figure><\/div><div class=\"swiper-slide\" role=\"group\" aria-roledescription=\"slide\" aria-label=\"4 of 19\"><figure class=\"swiper-slide-inner\"><img class=\"swiper-slide-image swiper-lazy\" data-src=\"https:\/\/nlsfrance.mind101.fr\/wp-content\/uploads\/2019\/06\/THOM4848_1-360x360.webp\" alt=\"THOM4848_1\" \/><div class=\"swiper-lazy-preloader\"><\/div><\/figure><\/div><div class=\"swiper-slide\" role=\"group\" aria-roledescription=\"slide\" aria-label=\"5 of 19\"><figure class=\"swiper-slide-inner\"><img class=\"swiper-slide-image swiper-lazy\" data-src=\"https:\/\/nlsfrance.mind101.fr\/wp-content\/uploads\/2019\/06\/THOM4953-360x360.webp\" alt=\"THOM4953\" \/><div class=\"swiper-lazy-preloader\"><\/div><\/figure><\/div><div class=\"swiper-slide\" role=\"group\" aria-roledescription=\"slide\" aria-label=\"6 of 19\"><figure class=\"swiper-slide-inner\"><img class=\"swiper-slide-image swiper-lazy\" data-src=\"https:\/\/nlsfrance.mind101.fr\/wp-content\/uploads\/2019\/06\/THOM4809-360x360.webp\" alt=\"THOM4809\" \/><div class=\"swiper-lazy-preloader\"><\/div><\/figure><\/div><div class=\"swiper-slide\" role=\"group\" aria-roledescription=\"slide\" aria-label=\"7 of 19\"><figure class=\"swiper-slide-inner\"><img class=\"swiper-slide-image swiper-lazy\" data-src=\"https:\/\/nlsfrance.mind101.fr\/wp-content\/uploads\/2019\/06\/THOM4818_1-360x360.webp\" alt=\"THOM4818_1\" \/><div class=\"swiper-lazy-preloader\"><\/div><\/figure><\/div><div class=\"swiper-slide\" role=\"group\" aria-roledescription=\"slide\" aria-label=\"8 of 19\"><figure class=\"swiper-slide-inner\"><img class=\"swiper-slide-image swiper-lazy\" data-src=\"https:\/\/nlsfrance.mind101.fr\/wp-content\/uploads\/2019\/06\/THOM4821-360x360.webp\" alt=\"THOM4821\" \/><div class=\"swiper-lazy-preloader\"><\/div><\/figure><\/div><div class=\"swiper-slide\" role=\"group\" aria-roledescription=\"slide\" aria-label=\"9 of 19\"><figure class=\"swiper-slide-inner\"><img class=\"swiper-slide-image swiper-lazy\" data-src=\"https:\/\/nlsfrance.mind101.fr\/wp-content\/uploads\/2019\/06\/THOM4894-360x360.webp\" alt=\"THOM4894\" \/><div class=\"swiper-lazy-preloader\"><\/div><\/figure><\/div><div class=\"swiper-slide\" role=\"group\" aria-roledescription=\"slide\" aria-label=\"10 of 19\"><figure class=\"swiper-slide-inner\"><img class=\"swiper-slide-image swiper-lazy\" data-src=\"https:\/\/nlsfrance.mind101.fr\/wp-content\/uploads\/2019\/06\/DJI_20250521161703_0075_D-360x360.webp\" alt=\"DJI_20250521161703_0075_D\" \/><div class=\"swiper-lazy-preloader\"><\/div><\/figure><\/div><div class=\"swiper-slide\" role=\"group\" aria-roledescription=\"slide\" aria-label=\"11 of 19\"><figure class=\"swiper-slide-inner\"><img class=\"swiper-slide-image swiper-lazy\" data-src=\"https:\/\/nlsfrance.mind101.fr\/wp-content\/uploads\/2019\/06\/DJI_20250521162033_0088_D-360x360.webp\" alt=\"DJI_20250521162033_0088_D\" \/><div class=\"swiper-lazy-preloader\"><\/div><\/figure><\/div><div class=\"swiper-slide\" role=\"group\" aria-roledescription=\"slide\" aria-label=\"12 of 19\"><figure class=\"swiper-slide-inner\"><img class=\"swiper-slide-image swiper-lazy\" data-src=\"https:\/\/nlsfrance.mind101.fr\/wp-content\/uploads\/2019\/06\/DJI_20250521162150_0091_D-360x360.webp\" alt=\"DJI_20250521162150_0091_D\" \/><div class=\"swiper-lazy-preloader\"><\/div><\/figure><\/div><div class=\"swiper-slide\" role=\"group\" aria-roledescription=\"slide\" aria-label=\"13 of 19\"><figure class=\"swiper-slide-inner\"><img class=\"swiper-slide-image swiper-lazy\" data-src=\"https:\/\/nlsfrance.mind101.fr\/wp-content\/uploads\/2019\/06\/DJI_20250521174058_0137_D-360x360.webp\" alt=\"DJI_20250521174058_0137_D\" \/><div class=\"swiper-lazy-preloader\"><\/div><\/figure><\/div><div class=\"swiper-slide\" role=\"group\" aria-roledescription=\"slide\" aria-label=\"14 of 19\"><figure class=\"swiper-slide-inner\"><img class=\"swiper-slide-image swiper-lazy\" data-src=\"https:\/\/nlsfrance.mind101.fr\/wp-content\/uploads\/2019\/06\/THOM4949-360x360.webp\" alt=\"THOM4949\" \/><div class=\"swiper-lazy-preloader\"><\/div><\/figure><\/div><div class=\"swiper-slide\" role=\"group\" aria-roledescription=\"slide\" aria-label=\"15 of 19\"><figure class=\"swiper-slide-inner\"><img class=\"swiper-slide-image swiper-lazy\" data-src=\"https:\/\/nlsfrance.mind101.fr\/wp-content\/uploads\/2019\/06\/THOM4959-360x360.webp\" alt=\"THOM4959\" \/><div class=\"swiper-lazy-preloader\"><\/div><\/figure><\/div><div class=\"swiper-slide\" role=\"group\" aria-roledescription=\"slide\" aria-label=\"16 of 19\"><figure class=\"swiper-slide-inner\"><img class=\"swiper-slide-image swiper-lazy\" data-src=\"https:\/\/nlsfrance.mind101.fr\/wp-content\/uploads\/2019\/06\/THOM4970-360x360.webp\" alt=\"THOM4970\" \/><div class=\"swiper-lazy-preloader\"><\/div><\/figure><\/div><div class=\"swiper-slide\" role=\"group\" aria-roledescription=\"slide\" aria-label=\"17 of 19\"><figure class=\"swiper-slide-inner\"><img class=\"swiper-slide-image swiper-lazy\" data-src=\"https:\/\/nlsfrance.mind101.fr\/wp-content\/uploads\/2019\/06\/THOM4999-360x360.webp\" alt=\"THOM4999\" \/><div class=\"swiper-lazy-preloader\"><\/div><\/figure><\/div><div class=\"swiper-slide\" role=\"group\" aria-roledescription=\"slide\" aria-label=\"18 of 19\"><figure class=\"swiper-slide-inner\"><img class=\"swiper-slide-image swiper-lazy\" data-src=\"https:\/\/nlsfrance.mind101.fr\/wp-content\/uploads\/2019\/06\/THOM5021-360x360.webp\" alt=\"THOM5021\" \/><div class=\"swiper-lazy-preloader\"><\/div><\/figure><\/div><div class=\"swiper-slide\" role=\"group\" aria-roledescription=\"slide\" aria-label=\"19 of 19\"><figure class=\"swiper-slide-inner\"><img class=\"swiper-slide-image swiper-lazy\" data-src=\"https:\/\/nlsfrance.mind101.fr\/wp-content\/uploads\/2019\/06\/THOM5029-360x360.webp\" alt=\"THOM5029\" \/><div class=\"swiper-lazy-preloader\"><\/div><\/figure><\/div>\t\t\t<\/div>\n\t\t\t\t\t\t\t\t\t\t\t\t<div class=\"elementor-swiper-button elementor-swiper-button-prev\" role=\"button\" tabindex=\"0\">\n\t\t\t\t\t\t<i aria-hidden=\"true\" class=\"eicon-chevron-left\"><\/i>\t\t\t\t\t<\/div>\n\t\t\t\t\t<div class=\"elementor-swiper-button elementor-swiper-button-next\" role=\"button\" tabindex=\"0\">\n\t\t\t\t\t\t<i aria-hidden=\"true\" class=\"eicon-chevron-right\"><\/i>\t\t\t\t\t<\/div>\n\t\t\t\t\n\t\t\t\t\t\t\t\t\t<div class=\"swiper-pagination\"><\/div>\n\t\t\t\t\t\t\t\t\t<\/div>\n\t\t\t\t\t\t<\/div>\n\t\t\t\t<\/div>\n\t\t\t\t<div class=\"elementor-element elementor-element-4a93dcb elementor-widget elementor-widget-spacer\" data-id=\"4a93dcb\" data-element_type=\"widget\" data-widget_type=\"spacer.default\">\n\t\t\t\t<div class=\"elementor-widget-container\">\n\t\t\t\t\t\t\t<div class=\"elementor-spacer\">\n\t\t\t<div class=\"elementor-spacer-inner\"><\/div>\n\t\t<\/div>\n\t\t\t\t\t\t<\/div>\n\t\t\t\t<\/div>\n\t\t\t\t<div class=\"elementor-element elementor-element-809acda elementor-widget elementor-widget-spacer\" data-id=\"809acda\" data-element_type=\"widget\" data-widget_type=\"spacer.default\">\n\t\t\t\t<div class=\"elementor-widget-container\">\n\t\t\t\t\t\t\t<div class=\"elementor-spacer\">\n\t\t\t<div class=\"elementor-spacer-inner\"><\/div>\n\t\t<\/div>\n\t\t\t\t\t\t<\/div>\n\t\t\t\t<\/div>\n\t\t\t\t\t<\/div>\n\t\t<\/div>\n\t\t\t\t\t<\/div>\n\t\t<\/section>\n\t\t\t\t<\/div>","protected":false},"excerpt":{"rendered":"<p>JFF JFF \u2013 Mangusta 33,50 m Port d\u2019attache : Cannes Port Canto Longueur : 33,50 m Largeur : 7,12 m Ann\u00e9e de construction : 2001 \u2014 r\u00e9novation : 2020 Constructeur : Mangusta 3 cabines + salon transformable en chambre \u00e0 coucher Configuration des cabines : 3 doubles (1 Master, 1 VIP, 1 Double) Invit\u00e9s (couchettes) [&hellip;]<\/p>","protected":false},"author":1,"featured_media":0,"parent":0,"menu_order":0,"comment_status":"closed","ping_status":"closed","template":"","meta":{"footnotes":""},"class_list":["post-19759","page","type-page","status-publish","hentry"],"_links":{"self":[{"href":"https:\/\/nlsfrance.mind101.fr\/en\/wp-json\/wp\/v2\/pages\/19759","targetHints":{"allow":["GET"]}}],"collection":[{"href":"https:\/\/nlsfrance.mind101.fr\/en\/wp-json\/wp\/v2\/pages"}],"about":[{"href":"https:\/\/nlsfrance.mind101.fr\/en\/wp-json\/wp\/v2\/types\/page"}],"author":[{"embeddable":true,"href":"https:\/\/nlsfrance.mind101.fr\/en\/wp-json\/wp\/v2\/users\/1"}],"replies":[{"embeddable":true,"href":"https:\/\/nlsfrance.mind101.fr\/en\/wp-json\/wp\/v2\/comments?post=19759"}],"version-history":[{"count":16,"href":"https:\/\/nlsfrance.mind101.fr\/en\/wp-json\/wp\/v2\/pages\/19759\/revisions"}],"predecessor-version":[{"id":20968,"href":"https:\/\/nlsfrance.mind101.fr\/en\/wp-json\/wp\/v2\/pages\/19759\/revisions\/20968"}],"wp:attachment":[{"href":"https:\/\/nlsfrance.mind101.fr\/en\/wp-json\/wp\/v2\/media?parent=19759"}],"curies":[{"name":"wp","href":"https:\/\/api.w.org\/{rel}","templated":true}]}}