{"id":19901,"date":"2025-08-25T20:44:55","date_gmt":"2025-08-25T18:44:55","guid":{"rendered":"https:\/\/nlsfrance.mind101.fr\/?page_id=19901"},"modified":"2025-08-25T20:48:25","modified_gmt":"2025-08-25T18:48:25","slug":"conditions-generales-service","status":"publish","type":"page","link":"https:\/\/nlsfrance.mind101.fr\/en\/conditions-generales-service\/","title":{"rendered":"General Terms and Conditions of Service"},"content":{"rendered":"<div data-elementor-type=\"wp-page\" data-elementor-id=\"19901\" class=\"elementor elementor-19901\">\n\t\t\t\t\t\t<section class=\"elementor-section elementor-top-section elementor-element elementor-element-3816c57 elementor-section-boxed elementor-section-height-default elementor-section-height-default\" data-id=\"3816c57\" data-element_type=\"section\">\n\t\t\t\t\t\t<div class=\"elementor-container elementor-column-gap-default\">\n\t\t\t\t\t<div class=\"elementor-column elementor-col-100 elementor-top-column elementor-element elementor-element-9972238\" data-id=\"9972238\" data-element_type=\"column\">\n\t\t\t<div class=\"elementor-widget-wrap elementor-element-populated\">\n\t\t\t\t\t\t<div class=\"elementor-element elementor-element-483c3db elementor-widget elementor-widget-text-editor\" data-id=\"483c3db\" data-element_type=\"widget\" data-widget_type=\"text-editor.default\">\n\t\t\t\t<div class=\"elementor-widget-container\">\n\t\t\t\t\t\t\t\t\t\n<h2 class=\"wp-block-heading\">General Terms and Conditions of Service<\/h2>\n\n\n\n<p>These General Terms and Conditions govern the chauffeur-driven transportation services provided by <strong>NLS France<\/strong> via the website <a href=\"https:\/\/nlsfrance.com\">www.nlsfrance.com<\/a>.<\/p>\n\n\n\n<h3 class=\"wp-block-heading\">Scope of Service<\/h3>\n\n\n\n<p>NLS France provides airport transfers, chauffeur-driven vehicle hire, and private transportation services.<\/p>\n\n\n\n<h3 class=\"wp-block-heading\">Orders and Reservations<\/h3>\n\n\n\n<p>All reservations must be made exclusively via the website or by telephone \/ WhatsApp.\n\nAny order placed constitutes full acceptance of these General Terms and Conditions of Service.<\/p>\n\n\n\n<h3 class=\"wp-block-heading\">Payment Terms<\/h3>\n\n\n\n<p>Payment may be made online (Visa, Mastercard, American Express via Stripe) or in cash directly to the driver.\n\nNLS France reserves the right to request a deposit prior to the provision of the service.<\/p>\n\n\n\n<h3 class=\"wp-block-heading\">Cancellations and Refunds<\/h3>\n\n\n\n<p>Any cancellation made more than 3 hours before the scheduled pick-up time (12 hours for night services) will result in a full refund.\n\nAfter this period, no refund may be claimed.<\/p>\n\n\n\n<h3 class=\"wp-block-heading\">Responsibilities<\/h3>\n\n\n\n<p>NLS France cannot be held liable for delays resulting from events of force majeure, including but not limited to accidents, traffic conditions, or adverse weather.\n\nThe client is solely responsible for the accuracy of the information provided, including pick-up address and flight or train numbers.<\/p>\n\n\n\n<h3 class=\"wp-block-heading\">Applicable Law<\/h3>\n\n\n\n<p>These General Terms and Conditions of Service are governed by French law.\n\nAny dispute shall fall under the exclusive jurisdiction of the courts of Cannes, France.<\/p>\n\n\t\t\t\t\t\t\t\t<\/div>\n\t\t\t\t<\/div>\n\t\t\t\t\t<\/div>\n\t\t<\/div>\n\t\t\t\t\t<\/div>\n\t\t<\/section>\n\t\t\t\t<\/div>","protected":false},"excerpt":{"rendered":"<p>Conditions g\u00e9n\u00e9rales de service Les pr\u00e9sentes conditions encadrent les prestations de services de transport avec chauffeur propos\u00e9es par NLS France via le site nlsfrance.com. Objet du service NLS France propose des services de transfert a\u00e9roport, de mise \u00e0 disposition de v\u00e9hicules avec chauffeur, et de d\u00e9placements priv\u00e9s. Commandes Les r\u00e9servations se font exclusivement via le [&hellip;]<\/p>","protected":false},"author":1,"featured_media":0,"parent":0,"menu_order":0,"comment_status":"closed","ping_status":"closed","template":"","meta":{"footnotes":""},"class_list":["post-19901","page","type-page","status-publish","hentry"],"_links":{"self":[{"href":"https:\/\/nlsfrance.mind101.fr\/en\/wp-json\/wp\/v2\/pages\/19901","targetHints":{"allow":["GET"]}}],"collection":[{"href":"https:\/\/nlsfrance.mind101.fr\/en\/wp-json\/wp\/v2\/pages"}],"about":[{"href":"https:\/\/nlsfrance.mind101.fr\/en\/wp-json\/wp\/v2\/types\/page"}],"author":[{"embeddable":true,"href":"https:\/\/nlsfrance.mind101.fr\/en\/wp-json\/wp\/v2\/users\/1"}],"replies":[{"embeddable":true,"href":"https:\/\/nlsfrance.mind101.fr\/en\/wp-json\/wp\/v2\/comments?post=19901"}],"version-history":[{"count":5,"href":"https:\/\/nlsfrance.mind101.fr\/en\/wp-json\/wp\/v2\/pages\/19901\/revisions"}],"predecessor-version":[{"id":19907,"href":"https:\/\/nlsfrance.mind101.fr\/en\/wp-json\/wp\/v2\/pages\/19901\/revisions\/19907"}],"wp:attachment":[{"href":"https:\/\/nlsfrance.mind101.fr\/en\/wp-json\/wp\/v2\/media?parent=19901"}],"curies":[{"name":"wp","href":"https:\/\/api.w.org\/{rel}","templated":true}]}}